{"id":4663,"date":"2025-09-11T01:12:30","date_gmt":"2025-09-10T22:12:30","guid":{"rendered":"https:\/\/keyarma.splusweb.com.tr\/key-600\/"},"modified":"2026-03-12T21:33:38","modified_gmt":"2026-03-12T18:33:38","slug":"key-600","status":"publish","type":"product","link":"https:\/\/key-arma.com\/tr\/key-600\/","title":{"rendered":"KEY-600"},"content":{"rendered":"<h2>\u00d6ne \u00c7\u0131kan \u00d6zellikler<\/h2>\n<ul>\n<li><strong>Evrensel Uyum:<\/strong> T\u00fcm standart QD yuvalar\u0131 ile uyumludur, bu sayede her t\u00fcrl\u00fc kay\u0131\u015f sistemine \u00e7ok y\u00f6nl\u00fc bir katk\u0131 sa\u011flar.<\/li>\n<li><strong>H\u0131zl\u0131 Serbest B\u0131rakma D\u00fc\u011fmesi:<\/strong> Basmal\u0131 d\u00fc\u011fme mekanizmas\u0131, kay\u0131\u015f\u0131n h\u0131zl\u0131 ve g\u00fcvenli \u015fekilde tak\u0131lmas\u0131n\u0131 ve \u00e7\u0131kar\u0131lmas\u0131n\u0131 sa\u011flar.<\/li>\n<li><strong>Dayan\u0131kl\u0131 \u00c7elik Yap\u0131:<\/strong> 11SMnPb37 \u00e7elikten imal edilmi\u015ftir, \u00fcst\u00fcn mukavemet ve uzun \u00f6m\u00fcrl\u00fc g\u00fcvenilirlik sunar.<\/li>\n<\/ul>\n<h2>Teknik \u00d6zellikler<\/h2>\n<ul>\n<li><strong>Materyal:<\/strong> 11SMnPb37 \u00c7elik<\/li>\n<li><strong>A\u011f\u0131rl\u0131k: <\/strong>0.022 kg<\/li>\n<\/ul>\n","protected":false},"excerpt":{"rendered":"<p>KEY-600, t\u00fcm standart QD kay\u0131\u015f yuvalar\u0131 ile uyumlu, sa\u011flam ve kompakt bir \u00fcr\u00fcnd\u00fcr. 11SMnPb37 \u00e7elikten \u00fcretilmi\u015f olup, zorlu kullan\u0131mlarda dayan\u0131kl\u0131l\u0131k ve g\u00fcvenli performans sunar. Entegre edilmi\u015f basmal\u0131 d\u00fc\u011fme mekanizmas\u0131, sahada kay\u0131\u015flar\u0131n h\u0131zl\u0131 ve g\u00fcvenilir \u015fekilde tak\u0131l\u0131p \u00e7\u0131kar\u0131lmas\u0131n\u0131 sa\u011flar.  <\/p>\n","protected":false},"featured_media":4205,"template":"","meta":[],"product_brand":[],"product_cat":[41,72,51,52],"product_tag":[],"class_list":{"0":"post-4663","1":"product","2":"type-product","3":"status-publish","4":"has-post-thumbnail","6":"product_cat-aksesuarlar","7":"product_cat-ak-47-aksesuarlari","8":"product_cat-ak-parcalari","9":"product_cat-ar-parcalari","11":"first","12":"instock","13":"shipping-taxable","14":"purchasable","15":"product-type-variable"},"_links":{"self":[{"href":"https:\/\/key-arma.com\/tr\/wp-json\/wp\/v2\/product\/4663","targetHints":{"allow":["GET"]}}],"collection":[{"href":"https:\/\/key-arma.com\/tr\/wp-json\/wp\/v2\/product"}],"about":[{"href":"https:\/\/key-arma.com\/tr\/wp-json\/wp\/v2\/types\/product"}],"wp:featuredmedia":[{"embeddable":true,"href":"https:\/\/key-arma.com\/tr\/wp-json\/wp\/v2\/media\/4205"}],"wp:attachment":[{"href":"https:\/\/key-arma.com\/tr\/wp-json\/wp\/v2\/media?parent=4663"}],"wp:term":[{"taxonomy":"product_brand","embeddable":true,"href":"https:\/\/key-arma.com\/tr\/wp-json\/wp\/v2\/product_brand?post=4663"},{"taxonomy":"product_cat","embeddable":true,"href":"https:\/\/key-arma.com\/tr\/wp-json\/wp\/v2\/product_cat?post=4663"},{"taxonomy":"product_tag","embeddable":true,"href":"https:\/\/key-arma.com\/tr\/wp-json\/wp\/v2\/product_tag?post=4663"}],"curies":[{"name":"wp","href":"https:\/\/api.w.org\/{rel}","templated":true}]}}