{"id":4658,"date":"2025-09-14T01:42:47","date_gmt":"2025-09-13T22:42:47","guid":{"rendered":"https:\/\/keyarma.splusweb.com.tr\/key-200a\/"},"modified":"2026-04-08T11:36:34","modified_gmt":"2026-04-08T08:36:34","slug":"key-200a","status":"publish","type":"product","link":"https:\/\/key-arma.com\/tr\/key-200a\/","title":{"rendered":"KEY-200A"},"content":{"rendered":"<p><strong>Kullan\u0131m Alan\u0131:<\/strong> AK47\/AK74<\/p>\n<h2>\u00d6ne \u00c7\u0131kan \u00d6zellikler<\/h2>\n<ul>\n<li><strong>\u00dcst ve Alt Picatinny Raylar:<\/strong> Optik, el feneri, dikey tutma kolu ve di\u011fer aksesuarlar i\u00e7in standart montaj imk\u00e2n\u0131 sunar.<\/li>\n<li><strong>Mod\u00fcler Yan M-LOK Raylar:<\/strong> \u00c7\u0131kar\u0131labilir polimer yan raylar, aksesuar yerle\u015fimini ihtiyaca g\u00f6re \u00f6zelle\u015ftirme olana\u011f\u0131 sa\u011flar.<\/li>\n<li><strong>Aletsiz Kurulum:<\/strong> H\u0131zl\u0131, g\u00fcvenli ve zahmetsiz montaj i\u00e7in \u00f6zel olarak tasarlanm\u0131\u015ft\u0131r.<\/li>\n<li><strong>Is\u0131ya Dayan\u0131kl\u0131 Yap\u0131:<\/strong> Y\u00fcksek kaliteli polimer, s\u00fcrekli \u0131s\u0131ya maruz kalma durumunda \u015fekil bozulmalar\u0131na kar\u015f\u0131 diren\u00e7lidir.<\/li>\n<li><strong>Opsiyonel Al\u00fcminyum Is\u0131 Kalkan\u0131:<\/strong> Yo\u011fun at\u0131\u015f veya zorlu \u00e7evre ko\u015fullar\u0131nda ek \u0131s\u0131l koruma sa\u011flar<\/li>\n<\/ul>\n<h2>Teknik \u00d6zellikler<\/h2>\n<ul>\n<li>Malzeme: Polimer<\/li>\n<li><strong>A\u011f\u0131rl\u0131k:<\/strong> 0,217 kg<\/li>\n<\/ul>\n","protected":false},"excerpt":{"rendered":"<p>KEY-200A, AK47 ve AK74 t\u00fcfekleri i\u00e7in geli\u015ftirilmi\u015f, mod\u00fcler bir el kunda\u011f\u0131 sistemidir. KEY-200 modelinin \u00fczerine in\u015fa edilen bu versiyon; tam boy Picatinny \u00fcst ve alt raylar\u0131n yan\u0131 s\u0131ra, g\u00f6rev odakl\u0131 yap\u0131land\u0131rmalara olanak tan\u0131yan \u00e7\u0131kar\u0131labilir polimer M-LOK yan raylarla donat\u0131lm\u0131\u015ft\u0131r. Is\u0131ya dayan\u0131kl\u0131, y\u00fcksek kaliteli polimerden \u00fcretilen KEY-200A, opsiyonel al\u00fcminyum \u0131s\u0131 kalkan\u0131 se\u00e7ene\u011fiyle birlikte zorlu kullan\u0131mlarda bile dayan\u0131kl\u0131l\u0131k ve modern aksesuar uyumlulu\u011funu bir araya getirir.  <\/p>\n","protected":false},"featured_media":4394,"template":"","meta":[],"product_brand":[],"product_cat":[48,72,74,51,77,78],"product_tag":[],"class_list":{"0":"post-4658","1":"product","2":"type-product","3":"status-publish","4":"has-post-thumbnail","6":"product_cat-el-kundaklari","7":"product_cat-ak-47-aksesuarlari","8":"product_cat-ak-74-aksesuarlari","9":"product_cat-ak-parcalari","10":"product_cat-ak-47-isi-kalkani","11":"product_cat-ak-74-isi-kalkani","13":"first","14":"instock","15":"shipping-taxable","16":"purchasable","17":"product-type-variable"},"_links":{"self":[{"href":"https:\/\/key-arma.com\/tr\/wp-json\/wp\/v2\/product\/4658","targetHints":{"allow":["GET"]}}],"collection":[{"href":"https:\/\/key-arma.com\/tr\/wp-json\/wp\/v2\/product"}],"about":[{"href":"https:\/\/key-arma.com\/tr\/wp-json\/wp\/v2\/types\/product"}],"wp:featuredmedia":[{"embeddable":true,"href":"https:\/\/key-arma.com\/tr\/wp-json\/wp\/v2\/media\/4394"}],"wp:attachment":[{"href":"https:\/\/key-arma.com\/tr\/wp-json\/wp\/v2\/media?parent=4658"}],"wp:term":[{"taxonomy":"product_brand","embeddable":true,"href":"https:\/\/key-arma.com\/tr\/wp-json\/wp\/v2\/product_brand?post=4658"},{"taxonomy":"product_cat","embeddable":true,"href":"https:\/\/key-arma.com\/tr\/wp-json\/wp\/v2\/product_cat?post=4658"},{"taxonomy":"product_tag","embeddable":true,"href":"https:\/\/key-arma.com\/tr\/wp-json\/wp\/v2\/product_tag?post=4658"}],"curies":[{"name":"wp","href":"https:\/\/api.w.org\/{rel}","templated":true}]}}