{"id":4887,"date":"2025-09-07T13:23:34","date_gmt":"2025-09-07T10:23:34","guid":{"rendered":"https:\/\/keyarma.splusweb.com.tr\/taktikal-silah-parcalari-ve-aksesuarlari\/"},"modified":"2025-10-28T21:09:34","modified_gmt":"2025-10-28T18:09:34","slug":"taktikal-silah-parcalari-ve-aksesuarlari","status":"publish","type":"page","link":"https:\/\/key-arma.com\/tr\/","title":{"rendered":"Taktikal Silah Par\u00e7alar\u0131 ve Aksesuarlar\u0131"},"content":{"rendered":"","protected":false},"excerpt":{"rendered":"","protected":false},"author":2,"featured_media":4647,"parent":0,"menu_order":0,"comment_status":"closed","ping_status":"closed","template":"","meta":{"footnotes":""},"class_list":["post-4887","page","type-page","status-publish","has-post-thumbnail","hentry"],"_links":{"self":[{"href":"https:\/\/key-arma.com\/tr\/wp-json\/wp\/v2\/pages\/4887","targetHints":{"allow":["GET"]}}],"collection":[{"href":"https:\/\/key-arma.com\/tr\/wp-json\/wp\/v2\/pages"}],"about":[{"href":"https:\/\/key-arma.com\/tr\/wp-json\/wp\/v2\/types\/page"}],"author":[{"embeddable":true,"href":"https:\/\/key-arma.com\/tr\/wp-json\/wp\/v2\/users\/2"}],"replies":[{"embeddable":true,"href":"https:\/\/key-arma.com\/tr\/wp-json\/wp\/v2\/comments?post=4887"}],"version-history":[{"count":1,"href":"https:\/\/key-arma.com\/tr\/wp-json\/wp\/v2\/pages\/4887\/revisions"}],"predecessor-version":[{"id":4888,"href":"https:\/\/key-arma.com\/tr\/wp-json\/wp\/v2\/pages\/4887\/revisions\/4888"}],"wp:featuredmedia":[{"embeddable":true,"href":"https:\/\/key-arma.com\/tr\/wp-json\/wp\/v2\/media\/4647"}],"wp:attachment":[{"href":"https:\/\/key-arma.com\/tr\/wp-json\/wp\/v2\/media?parent=4887"}],"curies":[{"name":"wp","href":"https:\/\/api.w.org\/{rel}","templated":true}]}}